{"id":906,"date":"2016-05-09T09:19:52","date_gmt":"2016-05-09T09:19:52","guid":{"rendered":"http:\/\/wp.magnium-themes.com\/thebuilt\/thebuilt-1\/?page_id=906"},"modified":"2022-01-19T20:38:11","modified_gmt":"2022-01-19T19:38:11","slug":"residences","status":"publish","type":"page","link":"https:\/\/aj-habitatjeunes.fr\/index.php\/residences\/","title":{"rendered":"R\u00e9sidences"},"content":{"rendered":"<p>[vc_row][vc_column]<div class=\"mgt-header-block clearfix text-left text-black wpb_content_element  mgt-header-block-style-2 mgt-header-texttransform-header  vc_custom_1624286579464\"><h2 class=\"mgt-header-block-title\">Nos R\u00e9sidences en Meuse<\/h2><div class=\"mgt-header-line\"><\/div><\/div>[\/vc_column][\/vc_row][vc_row][vc_column][vc_column_text]Nos r\u00e9sidences\u00a0se situent sur Bar-Le-Duc et Verdun.\u00a0Des petites unit\u00e9s sont \u00e9galement implant\u00e9es\u00a0sur Revigny-sur-Ornain et Ligny-en-Barrois.<\/p>\n<p>Nos logements\u00a0sont beaux et confortables, ils sont meubl\u00e9s avec de sanitaires et salles de bain individuels et sur certaines unit\u00e9s d&rsquo;h\u00e9bergement ils sont \u00e9quip\u00e9s\u00a0de petites cuisines.<br \/>\nLe parc immobiler est conventionn\u00e9 \u00e0 l&rsquo;APL.<br \/>\nLes redevances sont toutes charges comprises.[\/vc_column_text][\/vc_column][\/vc_row][vc_row][vc_column]\n\t\n\t<div class=\"portfolio-list portfolio-columns-3 portfolio-grid-layout-0 clearfix\" id=\"portfolio-list\">\n\n\t\t<div class=\"portfolio-item-block portfolio-item-animation-3 mix barleduc\" data-item=\"1\" data-name=\"R\u00e9sidence R. Repos\">\n\t<div class=\"portfolio-item-block-inside\">\n\t  <a href=\"https:\/\/aj-habitatjeunes.fr\/index.php\/project\/residence-r-repos\/\" target=\"_self\" rel=\"\" title=\"R\u00e9sidence R. Repos\">\n\t    <div class=\"portfolio-item-image\" data-style=\"background-image: url(https:\/\/aj-habitatjeunes.fr\/wp-content\/uploads\/2021\/07\/RR-Rue-1024x960.jpg);\"><\/div>\n\t    <div class=\"portfolio-item-bg\"><\/div>\n\t    <div class=\"info\">\n\t      <span class=\"sub-title\">Bar le duc<\/span>\n\t      <h4 class=\"title\">R\u00e9sidence R. Repos<\/h4>\n\t      \t      \t    <\/div>\n\t  <\/a>\n\t<\/div>\n\t<\/div>\n\t\t<div class=\"portfolio-item-block portfolio-item-animation-3 mix tiny-house\" data-item=\"2\" data-name=\"Lugano\">\n\t<div class=\"portfolio-item-block-inside\">\n\t  <a href=\"https:\/\/aj-habitatjeunes.fr\/index.php\/project\/lugano\/\" target=\"_self\" rel=\"\" title=\"Lugano\">\n\t    <div class=\"portfolio-item-image\" data-style=\"background-image: url(https:\/\/aj-habitatjeunes.fr\/wp-content\/uploads\/2023\/08\/lugano-2-1024x960.jpg);\"><\/div>\n\t    <div class=\"portfolio-item-bg\"><\/div>\n\t    <div class=\"info\">\n\t      <span class=\"sub-title\">Tiny House<\/span>\n\t      <h4 class=\"title\">Lugano<\/h4>\n\t      \t      \t    <\/div>\n\t  <\/a>\n\t<\/div>\n\t<\/div>\n\t\t<div class=\"portfolio-item-block portfolio-item-animation-3 mix tiny-house\" data-item=\"3\" data-name=\"Colibri\">\n\t<div class=\"portfolio-item-block-inside\">\n\t  <a href=\"https:\/\/aj-habitatjeunes.fr\/index.php\/project\/colibri\/\" target=\"_self\" rel=\"\" title=\"Colibri\">\n\t    <div class=\"portfolio-item-image\" data-style=\"background-image: url(https:\/\/aj-habitatjeunes.fr\/wp-content\/uploads\/2022\/11\/Tiny-1.jpg);\"><\/div>\n\t    <div class=\"portfolio-item-bg\"><\/div>\n\t    <div class=\"info\">\n\t      <span class=\"sub-title\">Tiny House<\/span>\n\t      <h4 class=\"title\">Colibri<\/h4>\n\t      \t      \t    <\/div>\n\t  <\/a>\n\t<\/div>\n\t<\/div>\n\t\t<div class=\"portfolio-item-block portfolio-item-animation-3 mix barleduc\" data-item=\"1\" data-name=\"R\u00e9sidence R. Repos\">\n\t<div class=\"portfolio-item-block-inside\">\n\t  <a href=\"https:\/\/aj-habitatjeunes.fr\/index.php\/project\/residencerepos\/\" target=\"_self\" rel=\"\" title=\"R\u00e9sidence R. Repos\">\n\t    <div class=\"portfolio-item-image\" data-style=\"background-image: url(https:\/\/aj-habitatjeunes.fr\/wp-content\/uploads\/2021\/07\/RR-Rue-1024x960.jpg);\"><\/div>\n\t    <div class=\"portfolio-item-bg\"><\/div>\n\t    <div class=\"info\">\n\t      <span class=\"sub-title\">Bar le duc<\/span>\n\t      <h4 class=\"title\">R\u00e9sidence R. Repos<\/h4>\n\t      \t      \t    <\/div>\n\t  <\/a>\n\t<\/div>\n\t<\/div>\n\t\t<div class=\"portfolio-item-block portfolio-item-animation-3 mix barleduc\" data-item=\"2\" data-name=\"R\u00e9sidence les Gravi\u00e8res\">\n\t<div class=\"portfolio-item-block-inside\">\n\t  <a href=\"https:\/\/aj-habitatjeunes.fr\/index.php\/project\/residencelesgravieres\/\" target=\"_self\" rel=\"\" title=\"R\u00e9sidence les Gravi\u00e8res\">\n\t    <div class=\"portfolio-item-image\" data-style=\"background-image: url(https:\/\/aj-habitatjeunes.fr\/wp-content\/uploads\/2021\/07\/Gravieres-Facade-2-2021-08-13-Loup-1024x907.jpg);\"><\/div>\n\t    <div class=\"portfolio-item-bg\"><\/div>\n\t    <div class=\"info\">\n\t      <span class=\"sub-title\">Bar le duc<\/span>\n\t      <h4 class=\"title\">R\u00e9sidence les Gravi\u00e8res<\/h4>\n\t      \t      \t    <\/div>\n\t  <\/a>\n\t<\/div>\n\t<\/div>\n\t\t<div class=\"portfolio-item-block portfolio-item-animation-3 mix barleduc\" data-item=\"3\" data-name=\"R\u00e9sidence du Duc\">\n\t<div class=\"portfolio-item-block-inside\">\n\t  <a href=\"https:\/\/aj-habitatjeunes.fr\/index.php\/project\/residenceduduc\/\" target=\"_self\" rel=\"\" title=\"R\u00e9sidence du Duc\">\n\t    <div class=\"portfolio-item-image\" data-style=\"background-image: url(https:\/\/aj-habitatjeunes.fr\/wp-content\/uploads\/2021\/07\/DSC_7659-1024x960.jpg);\"><\/div>\n\t    <div class=\"portfolio-item-bg\"><\/div>\n\t    <div class=\"info\">\n\t      <span class=\"sub-title\">Bar le duc<\/span>\n\t      <h4 class=\"title\">R\u00e9sidence du Duc<\/h4>\n\t      \t      \t    <\/div>\n\t  <\/a>\n\t<\/div>\n\t<\/div>\n\t\t<div class=\"portfolio-item-block portfolio-item-animation-3 mix revigny-sur-ornain\" data-item=\"1\" data-name=\"Revigny sur Ornain\">\n\t<div class=\"portfolio-item-block-inside\">\n\t  <a href=\"https:\/\/aj-habitatjeunes.fr\/index.php\/project\/revignysurornain\/\" target=\"_self\" rel=\"\" title=\"Revigny sur Ornain\">\n\t    <div class=\"portfolio-item-image\" data-style=\"background-image: url(https:\/\/aj-habitatjeunes.fr\/wp-content\/uploads\/2021\/07\/13-FB-2017-09-1024x960.jpg);\"><\/div>\n\t    <div class=\"portfolio-item-bg\"><\/div>\n\t    <div class=\"info\">\n\t      <span class=\"sub-title\">Revigny sur Ornain<\/span>\n\t      <h4 class=\"title\">Revigny sur Ornain<\/h4>\n\t      \t      \t    <\/div>\n\t  <\/a>\n\t<\/div>\n\t<\/div>\n\t\t<div class=\"portfolio-item-block portfolio-item-animation-3 mix ligny-en-barrois\" data-item=\"2\" data-name=\"Colocations &#8211; Ligny en Barrois\">\n\t<div class=\"portfolio-item-block-inside\">\n\t  <a href=\"https:\/\/aj-habitatjeunes.fr\/index.php\/project\/lignyenbarrois\/\" target=\"_self\" rel=\"\" title=\"Colocations &#8211; Ligny en Barrois\">\n\t    <div class=\"portfolio-item-image\" data-style=\"background-image: url(https:\/\/aj-habitatjeunes.fr\/wp-content\/uploads\/2021\/07\/Ligny-1-2021-08-13-Loup-1024x960.jpg);\"><\/div>\n\t    <div class=\"portfolio-item-bg\"><\/div>\n\t    <div class=\"info\">\n\t      <span class=\"sub-title\">Ligny en Barrois<\/span>\n\t      <h4 class=\"title\">Colocations &#8211; Ligny en Barrois<\/h4>\n\t      \t      \t    <\/div>\n\t  <\/a>\n\t<\/div>\n\t<\/div>\n\t\t<div class=\"portfolio-item-block portfolio-item-animation-3 mix verdun\" data-item=\"3\" data-name=\"Verdun\">\n\t<div class=\"portfolio-item-block-inside\">\n\t  <a href=\"https:\/\/aj-habitatjeunes.fr\/index.php\/project\/verdun\/\" target=\"_self\" rel=\"\" title=\"Verdun\">\n\t    <div class=\"portfolio-item-image\" data-style=\"background-image: url(https:\/\/aj-habitatjeunes.fr\/wp-content\/uploads\/2016\/03\/P9202946-1024x960.jpg);\"><\/div>\n\t    <div class=\"portfolio-item-bg\"><\/div>\n\t    <div class=\"info\">\n\t      <span class=\"sub-title\">Verdun<\/span>\n\t      <h4 class=\"title\">Verdun<\/h4>\n\t      \t      \t    <\/div>\n\t  <\/a>\n\t<\/div>\n\t<\/div>\n\t\t         \n\t\n\t<\/div>\n\n\n<script>(function($){\n\t    $(document).ready(function() {\n\n\t\t    $(\"#portfolio-list\").mixItUp({effects:[\"fade\",\"scale\"],easing:\"snap\"});\n\n\t    });})(jQuery);<\/script>[\/vc_column][\/vc_row]<\/p>\n","protected":false},"excerpt":{"rendered":"<p>[vc_row][vc_column][\/vc_column][\/vc_row][vc_row][vc_column][vc_column_text]Nos r\u00e9sidences\u00a0se situent sur Bar-Le-Duc et Verdun.\u00a0Des petites unit\u00e9s sont \u00e9galement implant\u00e9es\u00a0sur Revigny-sur-Ornain et Ligny-en-Barrois. Nos logements\u00a0sont beaux et confortables, ils sont meubl\u00e9s avec de sanitaires et salles de bain&#8230;<\/p>\n","protected":false},"author":1,"featured_media":0,"parent":0,"menu_order":0,"comment_status":"closed","ping_status":"closed","template":"","meta":{"footnotes":""},"class_list":["post-906","page","type-page","status-publish","hentry"],"_links":{"self":[{"href":"https:\/\/aj-habitatjeunes.fr\/index.php\/wp-json\/wp\/v2\/pages\/906","targetHints":{"allow":["GET"]}}],"collection":[{"href":"https:\/\/aj-habitatjeunes.fr\/index.php\/wp-json\/wp\/v2\/pages"}],"about":[{"href":"https:\/\/aj-habitatjeunes.fr\/index.php\/wp-json\/wp\/v2\/types\/page"}],"author":[{"embeddable":true,"href":"https:\/\/aj-habitatjeunes.fr\/index.php\/wp-json\/wp\/v2\/users\/1"}],"replies":[{"embeddable":true,"href":"https:\/\/aj-habitatjeunes.fr\/index.php\/wp-json\/wp\/v2\/comments?post=906"}],"version-history":[{"count":11,"href":"https:\/\/aj-habitatjeunes.fr\/index.php\/wp-json\/wp\/v2\/pages\/906\/revisions"}],"predecessor-version":[{"id":3469,"href":"https:\/\/aj-habitatjeunes.fr\/index.php\/wp-json\/wp\/v2\/pages\/906\/revisions\/3469"}],"wp:attachment":[{"href":"https:\/\/aj-habitatjeunes.fr\/index.php\/wp-json\/wp\/v2\/media?parent=906"}],"curies":[{"name":"wp","href":"https:\/\/api.w.org\/{rel}","templated":true}]}}