{"id":775,"date":"2016-04-14T09:41:12","date_gmt":"2016-04-14T09:41:12","guid":{"rendered":"http:\/\/wp.magnium-themes.com\/thebuilt\/thebuilt-1\/?page_id=775"},"modified":"2024-08-22T10:25:06","modified_gmt":"2024-08-22T08:25:06","slug":"vie-pratique","status":"publish","type":"page","link":"https:\/\/aj-habitatjeunes.fr\/index.php\/vie-pratique\/","title":{"rendered":"Vie pratique"},"content":{"rendered":"<p>[vc_row][vc_column]<div class=\"mgt-header-block clearfix text-left text-black wpb_content_element  mgt-header-block-style-1 mgt-header-texttransform-none  vc_custom_1629280990677\"><h3 class=\"mgt-header-block-title\">Vie Pratique<\/h3><p class=\"mgt-header-block-subtitle\">Animations, Loisirs, Sorties<\/p><div class=\"mgt-header-line\"><\/div><\/div>[vc_column_text]<strong>Animations conviviales<\/strong><br \/>\nDes activit\u00e9s culturelles, sportives, des sorties et des soir\u00e9es \u00e0 th\u00e8mes rendent la vie, au sein de l&rsquo;association, agr\u00e9able et anim\u00e9e.<\/p>\n<p><strong>Un d\u00e9veloppement constant de nouveaux services pour mieux r\u00e9pondre \u00e0 vos attentes :<\/strong><\/p>\n<ul>\n<li>Espace loisirs ( t\u00e9l\u00e9, baby-foot, ping-pong, salle vid\u00e9o ).<\/li>\n<li>Une laverie ( lave linge et s\u00e8che linge).<\/li>\n<li>Un p\u00f4le multimedia.<\/li>\n<li>Des pr\u00eats d&rsquo;ordinateurs portables sur r\u00e9seau wifi.<\/li>\n<li>Un parc de scooters et de VTC.<\/li>\n<\/ul>\n<p><strong>Conventionnement avec Salle de sport<\/strong>[\/vc_column_text][\/vc_column][\/vc_row][vc_row css=\u00a0\u00bb.vc_custom_1460536155154{margin-right: -25px !important;margin-left: -15px !important;}\u00a0\u00bb][vc_column][vc_gallery interval=\u00a0\u00bb3&Prime; images=\u00a0\u00bb3564,3563,3562,3565,3560,3567,3252,3238,3287,3566,3569,3629,3647&Prime; img_size=\u00a0\u00bbfull\u00a0\u00bb][\/vc_column][\/vc_row][vc_row][vc_column][vc_separator][\/vc_column][\/vc_row][vc_row][vc_column width=\u00a0\u00bb1\/2&Prime;]<div class=\"mgt-header-block clearfix text-left text-black wpb_content_element  mgt-header-block-style-1 mgt-header-texttransform-none  vc_custom_1624960719727\"><h3 class=\"mgt-header-block-title\">Accompagnement<\/h3><p class=\"mgt-header-block-subtitle\">Aide aux d\u00e9marches<\/p><div class=\"mgt-header-line\"><\/div><\/div>[vc_column_text]L&rsquo;Accueil des jeunes est une association de pr\u00e8s de 20 salari\u00e9s qui travaillent\u00a0en \u00e9troite relation afin d&rsquo;assurer un service et des prestations de qualit\u00e9.<\/p>\n<p>Une Equipe qualifi\u00e9e vous apporte tous les conseils souhait\u00e9s\u00a0pour faciliter votre acc\u00e8s dans le logement.<\/p>\n<p>Pour ceux et celles qui en ressentent le besoin,\u00a0l&rsquo;\u00e9quipe peut mettre en place un accompagnement sp\u00e9cifique et personalis\u00e9.[\/vc_column_text][\/vc_column][vc_column width=\u00a0\u00bb1\/2&Prime;]<style scoped='scoped'>.mgt-promo-block-73292048663.mgt-promo-block.animated:hover .mgt-promo-block-content {background-color: rgba(0,0,0,0.5)!important;}<\/style><div class=\"mgt-promo-block animated white-text text-size-normal no-darken mgt-promo-block-73292048663 wpb_content_element wpb_animate_when_almost_visible wpb_right-to-left\" data-style=\"background-color: #2a2f35;width: 100%; height: 250px;\"><div class=\"mgt-promo-block-content va-top\"><div class=\"mgt-promo-block-content-inside vc_custom_1632908440689\">\n<h4 style=\"text-align: left\">BESOIN D&rsquo;AIDE?<\/h4>\n<p style=\"text-align: left\">Prenez le temps de nous contacter si vous rencontr\u00e9 des difficult\u00e9s face aux d\u00e9marches \u00e0 r\u00e9aliser.\n<div class=\"mgt-button-wrapper mgt-button-wrapper-align-left mgt-button-wrapper-display-newline mgt-button-top-margin-enable\"><a class=\"btn hvr-icon-wobble-horizontal mgt-button mgt-style-textwhite mgt-size-normal mgt-align-left mgt-display-newline mgt-text-size-small mgt-button-icon-position-right mgt-text-transform-uppercase \" href=\"https:\/\/aj-habitatjeunes.fr\/index.php\/contact\/\">nous contacter<i class=\"fa fa-arrow-right\"><\/i><\/a><\/div><\/div><\/div><\/div>[\/vc_column][\/vc_row]<\/p>\n","protected":false},"excerpt":{"rendered":"<p>[vc_row][vc_column][vc_column_text]Animations conviviales Des activit\u00e9s culturelles, sportives, des sorties et des soir\u00e9es \u00e0 th\u00e8mes rendent la vie, au sein de l&rsquo;association, agr\u00e9able et anim\u00e9e. Un d\u00e9veloppement constant de nouveaux services pour&#8230;<\/p>\n","protected":false},"author":1,"featured_media":0,"parent":0,"menu_order":0,"comment_status":"closed","ping_status":"closed","template":"","meta":{"footnotes":""},"class_list":["post-775","page","type-page","status-publish","hentry"],"_links":{"self":[{"href":"https:\/\/aj-habitatjeunes.fr\/index.php\/wp-json\/wp\/v2\/pages\/775","targetHints":{"allow":["GET"]}}],"collection":[{"href":"https:\/\/aj-habitatjeunes.fr\/index.php\/wp-json\/wp\/v2\/pages"}],"about":[{"href":"https:\/\/aj-habitatjeunes.fr\/index.php\/wp-json\/wp\/v2\/types\/page"}],"author":[{"embeddable":true,"href":"https:\/\/aj-habitatjeunes.fr\/index.php\/wp-json\/wp\/v2\/users\/1"}],"replies":[{"embeddable":true,"href":"https:\/\/aj-habitatjeunes.fr\/index.php\/wp-json\/wp\/v2\/comments?post=775"}],"version-history":[{"count":24,"href":"https:\/\/aj-habitatjeunes.fr\/index.php\/wp-json\/wp\/v2\/pages\/775\/revisions"}],"predecessor-version":[{"id":3648,"href":"https:\/\/aj-habitatjeunes.fr\/index.php\/wp-json\/wp\/v2\/pages\/775\/revisions\/3648"}],"wp:attachment":[{"href":"https:\/\/aj-habitatjeunes.fr\/index.php\/wp-json\/wp\/v2\/media?parent=775"}],"curies":[{"name":"wp","href":"https:\/\/api.w.org\/{rel}","templated":true}]}}