{"id":3571,"date":"2025-03-25T15:06:11","date_gmt":"2025-03-25T14:06:11","guid":{"rendered":"https:\/\/aj-habitatjeunes.fr\/?page_id=3571"},"modified":"2025-04-09T16:15:58","modified_gmt":"2025-04-09T14:15:58","slug":"rapports-dactivites","status":"publish","type":"page","link":"https:\/\/aj-habitatjeunes.fr\/index.php\/rapports-dactivites\/","title":{"rendered":"Rapports d&rsquo;activit\u00e9"},"content":{"rendered":"<p>[vc_row][vc_column]<div class=\"mgt-header-block clearfix text-left text-black wpb_content_element  mgt-header-block-style-1 mgt-header-texttransform-none \"><h2 class=\"mgt-header-block-title\">T\u00e9l\u00e9charger nos rapports d'activit\u00e9<\/h2><div class=\"mgt-header-line\"><\/div><\/div>[\/vc_column][\/vc_row][vc_row css=\u00a0\u00bb.vc_custom_1463499713574{margin-bottom: 10px !important;}\u00a0\u00bb][vc_column width=\u00a0\u00bb1\/2&Prime;][vc_single_image image=\u00a0\u00bb3688&Prime; img_size=\u00a0\u00bbfull\u00a0\u00bb][\/vc_column][vc_column width=\u00a0\u00bb1\/2&Prime;]<div class=\"mgt-button-wrapper mgt-button-wrapper-align-center mgt-button-wrapper-display-inline mgt-button-top-margin-disable\"><a class=\"btn hvr-default mgt-button mgt-style-solid mgt-size-normal mgt-align-center mgt-display-inline mgt-text-size-normal mgt-button-icon-position-left mgt-text-transform-none \" href=\"https:\/\/drive.google.com\/file\/d\/1KiCdTF-kipcPKGQ4tQmRGD846pUaNsNA\/view?usp=drive_link\" target=\"_blank\">Rapport d&#039;activit\u00e9 2024<\/a><\/div>[\/vc_column][\/vc_row]<\/p>\n","protected":false},"excerpt":{"rendered":"<p>[vc_row][vc_column][\/vc_column][\/vc_row][vc_row css=\u00a0\u00bb.vc_custom_1463499713574{margin-bottom: 10px !important;}\u00a0\u00bb][vc_column width=\u00a0\u00bb1\/2&Prime;][vc_single_image image=\u00a0\u00bb3688&Prime; img_size=\u00a0\u00bbfull\u00a0\u00bb][\/vc_column][vc_column width=\u00a0\u00bb1\/2&Prime;][\/vc_column][\/vc_row]<\/p>\n","protected":false},"author":2,"featured_media":0,"parent":0,"menu_order":0,"comment_status":"closed","ping_status":"closed","template":"","meta":{"footnotes":""},"class_list":["post-3571","page","type-page","status-publish","hentry"],"_links":{"self":[{"href":"https:\/\/aj-habitatjeunes.fr\/index.php\/wp-json\/wp\/v2\/pages\/3571","targetHints":{"allow":["GET"]}}],"collection":[{"href":"https:\/\/aj-habitatjeunes.fr\/index.php\/wp-json\/wp\/v2\/pages"}],"about":[{"href":"https:\/\/aj-habitatjeunes.fr\/index.php\/wp-json\/wp\/v2\/types\/page"}],"author":[{"embeddable":true,"href":"https:\/\/aj-habitatjeunes.fr\/index.php\/wp-json\/wp\/v2\/users\/2"}],"replies":[{"embeddable":true,"href":"https:\/\/aj-habitatjeunes.fr\/index.php\/wp-json\/wp\/v2\/comments?post=3571"}],"version-history":[{"count":13,"href":"https:\/\/aj-habitatjeunes.fr\/index.php\/wp-json\/wp\/v2\/pages\/3571\/revisions"}],"predecessor-version":[{"id":3699,"href":"https:\/\/aj-habitatjeunes.fr\/index.php\/wp-json\/wp\/v2\/pages\/3571\/revisions\/3699"}],"wp:attachment":[{"href":"https:\/\/aj-habitatjeunes.fr\/index.php\/wp-json\/wp\/v2\/media?parent=3571"}],"curies":[{"name":"wp","href":"https:\/\/api.w.org\/{rel}","templated":true}]}}