{"id":2501,"date":"2016-06-01T12:09:26","date_gmt":"2016-06-01T12:09:26","guid":{"rendered":"http:\/\/wp.magnium-themes.com\/thebuilt\/thebuilt-1\/?page_id=2501"},"modified":"2024-12-06T13:46:43","modified_gmt":"2024-12-06T12:46:43","slug":"mediationfalmiliale","status":"publish","type":"page","link":"https:\/\/aj-habitatjeunes.fr\/index.php\/mediationfalmiliale\/","title":{"rendered":"M\u00e9diation familiale"},"content":{"rendered":"<p>[vc_row][vc_column]<div class=\"mgt-header-block clearfix text-left text-black wpb_animate_when_almost_visible wpb_left-to-right wpb_content_element  mgt-header-block-style-1 mgt-header-texttransform-header  vc_custom_1624356198363\"><h2 class=\"mgt-header-block-title\">Pacifier les relations familiales<\/h2><p class=\"mgt-header-block-subtitle\">AJ M\u00e9diation Familiale<\/p><div class=\"mgt-header-line\"><\/div><\/div>[vc_separator][\/vc_column][\/vc_row][vc_row][vc_column][vc_toggle title=\u00a0\u00bbQU&rsquo;EST-CE QUE LA MEDIATION FAMILIALE ?\u00a0\u00bb open=\u00a0\u00bbtrue\u00a0\u00bb css_animation=\u00a0\u00bbleft-to-right\u00a0\u00bb el_id=\u00a0\u00bb1464782903856-4cc64307-c14b\u00a0\u00bb]<img decoding=\"async\" src=\"https:\/\/aj-habitatjeunes.fr\/wp-content\/uploads\/2024\/12\/qr-code-mediation-youtube.png\" \/> <em><strong>Film d&rsquo;info<\/strong><\/em><\/p>\n<p><a href=\"https:\/\/www.youtube.com\/watch?v=sK5JpoVp09Yrmation\" data-rel=\"lightbox-video-0\">https:\/\/www.youtube.com\/watch?v=sK5JpoVp09Yrmation<\/a><\/p>\n<p>La m\u00e9diation familiale intervient dans le cadre des conflits familiaux qu\u2019ils soient li\u00e9s \u00e0 une s\u00e9paration, \u00e0 des difficult\u00e9s de communication entre parents et adolescents et\/ou jeunes adultes.<br \/>\nL\u2019intervention confidentielle d\u2019une m\u00e9diatrice familiale dipl\u00f4m\u00e9e d\u2019\u00e9tat va initier les personnes vers une reprise de communication, de liens plus constructifs dans l\u2019int\u00e9r\u00eat de tous.<br \/>\nSon r\u00f4le est de les amener \u00e0 trouver eux-m\u00eames les bases d&rsquo;un accord durable et mutuellement acceptable, tenant compte des besoins de chacun.<br \/>\nCe processus peut \u00eatre accessible \u00e9galement \u00e0 l&rsquo;ensemble des membres de la famille (ascendants, descendants, collat\u00e9raux) concern\u00e9s par une rupture de communication.[\/vc_toggle][vc_separator][vc_toggle title=\u00a0\u00bbLES FINALITES DE LA MEDIATION FAMILIALE\u00a0\u00bb css_animation=\u00a0\u00bbleft-to-right\u00a0\u00bb el_id=\u00a0\u00bb1464783006696-ee85ce5a-ff92&Prime;]Les accords des parties peuvent \u00eatre r\u00e9dig\u00e9s au cours de la m\u00e9diation familiale. Ils ne constituent pas une d\u00e9cision de justice. Ce document est la propri\u00e9t\u00e9 des int\u00e9ress\u00e9s. Les parties ont le choix de l&rsquo;utiliser en vue de r\u00e9organiser leur vie et celle de leurs enfants, en le gardant comme m\u00e9moire de leur entente et \/ ou en le pr\u00e9sentant au magistrat. Cette d\u00e9marche aupr\u00e8s du juge aux affaires familiale est gratuite dans le cas de s\u00e9paration ou tous autres contextes.<br \/>\nPar contre le concours d\u2019un avocat commun aux deux parties est obligatoire en cas de divorce.[\/vc_toggle][vc_separator][vc_toggle title=\u00a0\u00bbPRISE DE CONTACT \u2013 ACCUEIL\u00a0\u00bb css_animation=\u00a0\u00bbleft-to-right\u00a0\u00bb el_id=\u00a0\u00bb1464783430804-74395e0c-306c\u00a0\u00bb]Vous pouvez joindre directement la m\u00e9diatrice sur le t\u00e9l\u00e9phone mobile du service. La gestion des rendez-vous se fait toujours par la m\u00e9diatrice qui rappelle directement les personnes.<br \/>\nLa prise de contact se fait en continuit\u00e9 et tr\u00e8s r\u00e9guli\u00e8rement dans la journ\u00e9e m\u00eame de votre appel.<br \/>\n[\/vc_toggle][vc_separator][vc_toggle title=\u00a0\u00bbCONCEPT METHODOLOGIQUE ET DEONTOLOGIQUE\u00a0\u00bb css_animation=\u00a0\u00bbleft-to-right\u00a0\u00bb]L&rsquo;exercice de la m\u00e9diation familiale implique de la part de la m\u00e9diatrice impartialit\u00e9 et neutralit\u00e9 vis-\u00e0-vis des personnes.<br \/>\nLe processus ne s&rsquo;engage qu&rsquo;en pr\u00e9sence des personnes concern\u00e9es.<br \/>\nLa m\u00e9diatrice familiale doit respecter et pr\u00e9server la confidentialit\u00e9 des entretiens et de tout document produit dans le cadre du processus de m\u00e9diation en mati\u00e8re familiale.[\/vc_toggle][vc_separator][vc_toggle title=\u00a0\u00bbLE CADRE DE TRAVAIL\u00a0\u00bb css_animation=\u00a0\u00bbleft-to-right\u00a0\u00bb]Le d\u00e9roulement de la m\u00e9diation intervient dans un lieu chaleureux.<br \/>\nLe choix de celui-ci doit favoriser le respect des principes fondateurs de la m\u00e9diation, comme le respect de la neutralit\u00e9 des discussions.<br \/>\nLe lieu de m\u00e9diation situ\u00e9 au centre de la ville sur Bar le Duc se compose d\u2019une salle d\u2019attente et d\u2019un bureau.<br \/>\nDeux acc\u00e8s favorisent la confidentialit\u00e9 des familles et l\u2019insonorisation le respect<br \/>\nde la confidentialit\u00e9 des entretiens.<br \/>\nNous avons \u00e9galement des lieux d\u2019accueil sur les villes de Verdun et Commercy[\/vc_toggle][vc_separator][vc_toggle title=\u00a0\u00bbLE COUT DE LA MEDIATION FAMILIALE\u00a0\u00bb css_animation=\u00a0\u00bbleft-to-right\u00a0\u00bb]L&rsquo;ensemble de ce travail peut s&rsquo;\u00e9valuer en moyenne de quatre \u00e0 cinq entretiens de 1h 30.<br \/>\nLe premier entretien d\u2019information est gratuit pour chaque partie ensuite il est demand\u00e9 \u00e0 chaque personne et par entretien une participation financi\u00e8re en fonction des ressources (ex : en dessous de 1000 \u20ac = 5 \u20ac).[\/vc_toggle][vc_separator][\/vc_column][\/vc_row][vc_row][vc_column width=\u00a0\u00bb1\/3&Prime;]<div class=\"mgt-icon-box wpb_content_element wpb_animate_when_almost_visible wpb_left-to-right mgt-icon-box-right mgt-icon-fa text-black \"><div class=\"mgt-icon-box-icon hvr-icon-push\"><div class=\"mgt-font-icon\"><i class=\"fa fa-phone\"><\/i><\/div><\/div><div class=\"mgt-icon-box-content\"><h5>Contact Details<\/h5><\/p>\n<div class=\"phone\">\n<p>19 rue du Repos<br \/>\n55 000 Bar le Duc<br \/>\nBureaux : Bar-Le-Duc -Verdun<br \/>\nT\u00e9l\u00e9phone 06 25 57 83 93<br \/>\nEmail: aj.amf@orange.fr<\/p>\n<\/div>\n<p><\/div><div class=\"clearfix\"><\/div><\/div>[\/vc_column][vc_column width=\u00a0\u00bb1\/3&Prime;]<div class=\"mgt-button-wrapper mgt-button-wrapper-align-left mgt-button-wrapper-display-newline mgt-button-top-margin-disable\"><a class=\"btn hvr-bounce-to-right mgt-button mgt-style-solid mgt-size-normal mgt-align-left mgt-display-newline mgt-text-size-normal mgt-button-icon-position-left mgt-text-transform-uppercase  wpb_animate_when_almost_visible wpb_left-to-right\" href=\"https:\/\/aj-habitatjeunes.fr\/wp-content\/uploads\/2021\/06\/mfplaquette.pdf\" target=\"_blank\">T\u00e9l\u00e9charger la plaquette<\/a><\/div>[\/vc_column][vc_column width=\u00a0\u00bb1\/3&Prime;][\/vc_column][\/vc_row]<\/p>\n","protected":false},"excerpt":{"rendered":"<p>[vc_row][vc_column][vc_separator][\/vc_column][\/vc_row][vc_row][vc_column][vc_toggle title=\u00a0\u00bbQU&rsquo;EST-CE QUE LA MEDIATION FAMILIALE ?\u00a0\u00bb open=\u00a0\u00bbtrue\u00a0\u00bb css_animation=\u00a0\u00bbleft-to-right\u00a0\u00bb el_id=\u00a0\u00bb1464782903856-4cc64307-c14b\u00a0\u00bb] Film d&rsquo;info https:\/\/www.youtube.com\/watch?v=sK5JpoVp09Yrmation La m\u00e9diation familiale intervient dans le cadre des conflits familiaux qu\u2019ils soient li\u00e9s \u00e0 une s\u00e9paration, \u00e0&#8230;<\/p>\n","protected":false},"author":1,"featured_media":0,"parent":0,"menu_order":0,"comment_status":"closed","ping_status":"closed","template":"","meta":{"footnotes":""},"class_list":["post-2501","page","type-page","status-publish","hentry"],"_links":{"self":[{"href":"https:\/\/aj-habitatjeunes.fr\/index.php\/wp-json\/wp\/v2\/pages\/2501","targetHints":{"allow":["GET"]}}],"collection":[{"href":"https:\/\/aj-habitatjeunes.fr\/index.php\/wp-json\/wp\/v2\/pages"}],"about":[{"href":"https:\/\/aj-habitatjeunes.fr\/index.php\/wp-json\/wp\/v2\/types\/page"}],"author":[{"embeddable":true,"href":"https:\/\/aj-habitatjeunes.fr\/index.php\/wp-json\/wp\/v2\/users\/1"}],"replies":[{"embeddable":true,"href":"https:\/\/aj-habitatjeunes.fr\/index.php\/wp-json\/wp\/v2\/comments?post=2501"}],"version-history":[{"count":17,"href":"https:\/\/aj-habitatjeunes.fr\/index.php\/wp-json\/wp\/v2\/pages\/2501\/revisions"}],"predecessor-version":[{"id":3667,"href":"https:\/\/aj-habitatjeunes.fr\/index.php\/wp-json\/wp\/v2\/pages\/2501\/revisions\/3667"}],"wp:attachment":[{"href":"https:\/\/aj-habitatjeunes.fr\/index.php\/wp-json\/wp\/v2\/media?parent=2501"}],"curies":[{"name":"wp","href":"https:\/\/api.w.org\/{rel}","templated":true}]}}