{"id":1919,"date":"2016-05-25T14:29:51","date_gmt":"2016-05-25T14:29:51","guid":{"rendered":"http:\/\/wp.magnium-themes.com\/thebuilt\/thebuilt-1\/?page_id=1919"},"modified":"2025-10-01T15:27:17","modified_gmt":"2025-10-01T13:27:17","slug":"hebergement","status":"publish","type":"page","link":"https:\/\/aj-habitatjeunes.fr\/index.php\/hebergement\/","title":{"rendered":"Conditions d&rsquo;h\u00e9bergement"},"content":{"rendered":"<p>[vc_row][vc_column width=\u00a0\u00bb1\/2&Prime;]<div class=\"mgt-header-block clearfix text-left text-black wpb_content_element  mgt-header-block-style-1 mgt-header-texttransform-header \"><h2 class=\"mgt-header-block-title\">Informations g\u00e9n\u00e9rales<\/h2><div class=\"mgt-header-line\"><\/div><\/div>[vc_column_text]Les documents \u00e0 t\u00e9l\u00e9charger ( format PDF ) vous permettront\u00a0de prendre connaissance des conditions d&rsquo;h\u00e9bergement.<br \/>\nPour toutes informations compl\u00e9mentaires et pour toutes autres\u00a0questions, reportez-vous \u00e0 la rubrique questions fr\u00e9quentes<\/p>\n<p>Vous pouvez nous contacter pour plus d&rsquo;informations.[\/vc_column_text][\/vc_column][vc_column width=\u00a0\u00bb1\/2&Prime;]<style scoped='scoped'>.mgt-promo-block-47345338611.mgt-promo-block.darken .mgt-promo-block-content {background-color: #88d806!important;}.mgt-promo-block-47345338611.mgt-promo-block.animated:hover .mgt-promo-block-content {background-color: rgba(0,0,0,0.5)!important;}<\/style><div class=\"mgt-promo-block animated white-text cover-image text-size-normal darken mgt-promo-block-47345338611 wpb_content_element\" data-style=\"width: 100%; height: 220px;\"><div class=\"mgt-promo-block-content va-bottom\"><div class=\"mgt-promo-block-content-inside vc_custom_1759324370746\"><i class=\"fa fa-2 fa-file-text-o\"><!-- Icon --><\/i>\n<h3>LIVRET D&rsquo;ACCUEIL<\/h3>\n<div class=\"mgt-button-wrapper mgt-button-wrapper-align-left mgt-button-wrapper-display-newline mgt-button-top-margin-disable\"><a class=\"btn hvr-icon-wobble-horizontal mgt-button mgt-style-textwhite mgt-size-normal mgt-align-left mgt-display-newline mgt-text-size-small mgt-button-icon-position-right mgt-text-transform-uppercase \" href=\"https:\/\/aj-habitatjeunes.fr\/wp-content\/uploads\/2022\/03\/1-Explication-Inscriptions.pdf\" target=\"_blank\">t\u00e9l\u00e9charger<i class=\"fa fa-arrow-right\"><\/i><\/a><\/div><\/div><\/div><\/div>[\/vc_column][\/vc_row][vc_row css=\u00a0\u00bb.vc_custom_1464186137917{margin-bottom: 30px !important;}\u00a0\u00bb][vc_column width=\u00a0\u00bb1\/2&Prime;]<style scoped='scoped'>.mgt-promo-block-47352338164.mgt-promo-block.darken .mgt-promo-block-content {background-color: #2d4059!important;}.mgt-promo-block-47352338164.mgt-promo-block.animated:hover .mgt-promo-block-content {background-color: rgba(0,0,0,0.5)!important;}<\/style><div class=\"mgt-promo-block animated white-text cover-image text-size-normal darken mgt-promo-block-47352338164 wpb_content_element\" data-style=\"width: 100%; height: 220px;\"><div class=\"mgt-promo-block-content va-bottom\"><div class=\"mgt-promo-block-content-inside vc_custom_1648564363860\"><i class=\"fa fa-2 fa-file-text-o\"><!-- Icon --><\/i>\n<h3>CONVENTION<br \/>\nD&rsquo;HEBERGEMENT<\/h3>\n<div class=\"mgt-button-wrapper mgt-button-wrapper-align-left mgt-button-wrapper-display-newline mgt-button-top-margin-disable\"><a class=\"btn hvr-icon-wobble-horizontal mgt-button mgt-style-textwhite mgt-size-normal mgt-align-left mgt-display-newline mgt-text-size-small mgt-button-icon-position-right mgt-text-transform-uppercase \" href=\"https:\/\/aj-habitatjeunes.fr\/wp-content\/uploads\/2022\/03\/4-Convention-Hebergement.pdf\" target=\"_blank\">t\u00e9l\u00e9charger<i class=\"fa fa-arrow-right\"><\/i><\/a><\/div><\/div><\/div><\/div>[\/vc_column][vc_column width=\u00a0\u00bb1\/2&Prime;]<style scoped='scoped'>.mgt-promo-block-47345338611.mgt-promo-block.darken .mgt-promo-block-content {background-color: #ea5455!important;}.mgt-promo-block-47345338611.mgt-promo-block.animated:hover .mgt-promo-block-content {background-color: rgba(0,0,0,0.5)!important;}<\/style><div class=\"mgt-promo-block animated white-text cover-image text-size-normal darken mgt-promo-block-47345338611 wpb_content_element\" data-style=\"width: 100%; height: 220px;\"><div class=\"mgt-promo-block-content va-bottom\"><div class=\"mgt-promo-block-content-inside vc_custom_1759325235455\"><i class=\"fa fa-2 fa-file-text-o\"><!-- Icon --><\/i>\n<h3>REGLEMENT DE FONCTIONNEMENT<\/h3>\n<div class=\"mgt-button-wrapper mgt-button-wrapper-align-left mgt-button-wrapper-display-newline mgt-button-top-margin-disable\"><a class=\"btn hvr-icon-wobble-horizontal mgt-button mgt-style-textwhite mgt-size-normal mgt-align-left mgt-display-newline mgt-text-size-small mgt-button-icon-position-right mgt-text-transform-uppercase \" href=\"https:\/\/aj-habitatjeunes.fr\/wp-content\/uploads\/2022\/09\/5-Reglement-interieur.pdf\" target=\"_blank\">t\u00e9l\u00e9charger<i class=\"fa fa-arrow-right\"><\/i><\/a><\/div><\/div><\/div><\/div>[\/vc_column][\/vc_row][vc_row css=\u00a0\u00bb.vc_custom_1464186145837{margin-bottom: 30px !important;}\u00a0\u00bb][vc_column width=\u00a0\u00bb1\/2&Prime;]<style scoped='scoped'>.mgt-promo-block-47315312667.mgt-promo-block.darken .mgt-promo-block-content {background-color: #f07b3f!important;}.mgt-promo-block-47315312667.mgt-promo-block.animated:hover .mgt-promo-block-content {background-color: rgba(0,0,0,0.5)!important;}<\/style><div class=\"mgt-promo-block animated white-text cover-image text-size-normal darken mgt-promo-block-47315312667 wpb_content_element\" data-style=\"width: 100%; height: 220px;\"><div class=\"mgt-promo-block-content va-bottom\"><div class=\"mgt-promo-block-content-inside vc_custom_1632908329718\"><i class=\"fa fa-2 fa-file-text-o\"><!-- Icon --><\/i>\n<h3>CHARTE DES DROITS &amp;<br \/>\nDES LIBERTES<\/h3>\n<div class=\"mgt-button-wrapper mgt-button-wrapper-align-left mgt-button-wrapper-display-newline mgt-button-top-margin-disable\"><a class=\"btn hvr-icon-wobble-horizontal mgt-button mgt-style-textwhite mgt-size-normal mgt-align-left mgt-display-newline mgt-text-size-small mgt-button-icon-position-right mgt-text-transform-uppercase \" href=\"https:\/\/aj-habitatjeunes.fr\/wp-content\/uploads\/2021\/06\/charte.pdf\" target=\"_blank\">t\u00e9l\u00e9charger<i class=\"fa fa-arrow-right\"><\/i><\/a><\/div><\/div><\/div><\/div>[\/vc_column][vc_column width=\u00a0\u00bb1\/2&Prime;]<style scoped='scoped'>.mgt-promo-block-473174246664.mgt-promo-block.darken .mgt-promo-block-content {background-color: #3d84a8!important;}.mgt-promo-block-473174246664.mgt-promo-block.animated:hover .mgt-promo-block-content {background-color: rgba(0,0,0,0.5)!important;}<\/style><div class=\"mgt-promo-block animated white-text cover-image text-size-normal darken mgt-promo-block-473174246664 wpb_content_element\" data-style=\"width: 100%; height: 220px;\"><div class=\"mgt-promo-block-content va-bottom\"><div class=\"mgt-promo-block-content-inside vc_custom_1648569831289\"><i class=\"fa fa-2 fa-file-text-o\"><!-- Icon --><\/i>\n<h3>INFORMATION SUR<br \/>\nL&rsquo;ACCUEIL DES JEUNES<\/h3>\n<div class=\"mgt-button-wrapper mgt-button-wrapper-align-left mgt-button-wrapper-display-newline mgt-button-top-margin-disable\"><a class=\"btn hvr-icon-wobble-horizontal mgt-button mgt-style-textwhite mgt-size-normal mgt-align-left mgt-display-newline mgt-text-size-small mgt-button-icon-position-right mgt-text-transform-uppercase \" href=\"https:\/\/aj-habitatjeunes.fr\/wp-content\/uploads\/2022\/03\/13-Informations-supplementaires.pdf\" target=\"_blank\">t\u00e9l\u00e9charger<i class=\"fa fa-arrow-right\"><\/i><\/a><\/div><\/div><\/div><\/div>[\/vc_column][\/vc_row][vc_row css=\u00a0\u00bb.vc_custom_1459500649448{margin-bottom: 20px !important;}\u00a0\u00bb][vc_column width=\u00a0\u00bb1\/2&Prime;]<style scoped='scoped'>.mgt-promo-block-42825338664.mgt-promo-block.darken .mgt-promo-block-content {background-color: #48466d!important;}.mgt-promo-block-42825338664.mgt-promo-block.animated:hover .mgt-promo-block-content {background-color: rgba(0,0,0,0.5)!important;}<\/style><div class=\"mgt-promo-block animated white-text cover-image text-size-normal darken mgt-promo-block-42825338664 wpb_content_element\" data-style=\"width: 100%; height: 220px;\"><div class=\"mgt-promo-block-content va-bottom\"><div class=\"mgt-promo-block-content-inside vc_custom_1759325114218\"><i class=\"fa fa-2 fa-file-text-o\"><!-- Icon --><\/i>\n<h3><strong>COORDONNEES EN CAS D&rsquo;URGENCE<\/strong><\/h3>\n<div class=\"mgt-button-wrapper mgt-button-wrapper-align-left mgt-button-wrapper-display-newline mgt-button-top-margin-disable\"><a class=\"btn hvr-icon-wobble-horizontal mgt-button mgt-style-textwhite mgt-size-normal mgt-align-left mgt-display-newline mgt-text-size-small mgt-button-icon-position-right mgt-text-transform-uppercase \" href=\"https:\/\/aj-habitatjeunes.fr\/wp-content\/uploads\/2024\/05\/Consignes-de-securite.pdf\" target=\"_blank\">t\u00e9l\u00e9charger<i class=\"fa fa-arrow-right\"><\/i><\/a><\/div><\/div><\/div><\/div>[\/vc_column][vc_column width=\u00a0\u00bb1\/2&Prime;]<style scoped='scoped'>.mgt-promo-block-47310238664.mgt-promo-block.darken .mgt-promo-block-content {background-color: #537780!important;}.mgt-promo-block-47310238664.mgt-promo-block.animated:hover .mgt-promo-block-content {background-color: rgba(0,0,0,0.5)!important;}<\/style><div class=\"mgt-promo-block animated white-text cover-image text-size-normal darken mgt-promo-block-47310238664 wpb_content_element\" data-style=\"width: 100%; height: 220px;\"><div class=\"mgt-promo-block-content va-bottom\"><div class=\"mgt-promo-block-content-inside vc_custom_1714659386949\"><i class=\"fa fa-2 fa-file-text-o\"><!-- Icon --><\/i>\n<h3>AUTRES<br \/>\n(COMMODITES, TRI SELECTIF&#8230;)<\/h3>\n<div class=\"mgt-button-wrapper mgt-button-wrapper-align-left mgt-button-wrapper-display-newline mgt-button-top-margin-disable\"><a class=\"btn hvr-icon-wobble-horizontal mgt-button mgt-style-textwhite mgt-size-normal mgt-align-left mgt-display-newline mgt-text-size-small mgt-button-icon-position-right mgt-text-transform-uppercase \" href=\"https:\/\/aj-habitatjeunes.fr\/wp-content\/uploads\/2024\/05\/ECOLOGIE.pdf\" target=\"_blank\">t\u00e9l\u00e9charger<i class=\"fa fa-arrow-right\"><\/i><\/a><\/div><\/div><\/div><\/div>[\/vc_column][\/vc_row]<\/p>\n","protected":false},"excerpt":{"rendered":"<p>[vc_row][vc_column width=\u00a0\u00bb1\/2&Prime;][vc_column_text]Les documents \u00e0 t\u00e9l\u00e9charger ( format PDF ) vous permettront\u00a0de prendre connaissance des conditions d&rsquo;h\u00e9bergement. Pour toutes informations compl\u00e9mentaires et pour toutes autres\u00a0questions, reportez-vous \u00e0 la rubrique questions fr\u00e9quentes&#8230;<\/p>\n","protected":false},"author":1,"featured_media":0,"parent":0,"menu_order":0,"comment_status":"closed","ping_status":"closed","template":"","meta":{"footnotes":""},"class_list":["post-1919","page","type-page","status-publish","hentry"],"_links":{"self":[{"href":"https:\/\/aj-habitatjeunes.fr\/index.php\/wp-json\/wp\/v2\/pages\/1919","targetHints":{"allow":["GET"]}}],"collection":[{"href":"https:\/\/aj-habitatjeunes.fr\/index.php\/wp-json\/wp\/v2\/pages"}],"about":[{"href":"https:\/\/aj-habitatjeunes.fr\/index.php\/wp-json\/wp\/v2\/types\/page"}],"author":[{"embeddable":true,"href":"https:\/\/aj-habitatjeunes.fr\/index.php\/wp-json\/wp\/v2\/users\/1"}],"replies":[{"embeddable":true,"href":"https:\/\/aj-habitatjeunes.fr\/index.php\/wp-json\/wp\/v2\/comments?post=1919"}],"version-history":[{"count":26,"href":"https:\/\/aj-habitatjeunes.fr\/index.php\/wp-json\/wp\/v2\/pages\/1919\/revisions"}],"predecessor-version":[{"id":3727,"href":"https:\/\/aj-habitatjeunes.fr\/index.php\/wp-json\/wp\/v2\/pages\/1919\/revisions\/3727"}],"wp:attachment":[{"href":"https:\/\/aj-habitatjeunes.fr\/index.php\/wp-json\/wp\/v2\/media?parent=1919"}],"curies":[{"name":"wp","href":"https:\/\/api.w.org\/{rel}","templated":true}]}}