{"id":1399,"date":"2016-05-17T14:54:15","date_gmt":"2016-05-17T14:54:15","guid":{"rendered":"http:\/\/wp.magnium-themes.com\/thebuilt\/thebuilt-1\/?page_id=1399"},"modified":"2024-02-07T10:28:44","modified_gmt":"2024-02-07T09:28:44","slug":"nos-partenaires","status":"publish","type":"page","link":"https:\/\/aj-habitatjeunes.fr\/index.php\/nos-partenaires\/","title":{"rendered":"Partenaires"},"content":{"rendered":"<p>[vc_row][vc_column]<div class=\"mgt-header-block clearfix text-left text-black wpb_animate_when_almost_visible wpb_left-to-right wpb_content_element  mgt-header-block-style-1 mgt-header-texttransform-none  vc_custom_1624371549108\"><h2 class=\"mgt-header-block-title\">Les partenaires de l'ADJ<\/h2><div class=\"mgt-header-line\"><\/div><\/div>[\/vc_column][\/vc_row][vc_row][vc_column width=\u00a0\u00bb1\/4&Prime;][vc_single_image image=\u00a0\u00bb3114&Prime; img_size=\u00a0\u00bbfull\u00a0\u00bb style=\u00a0\u00bbvc_box_shadow_border\u00a0\u00bb onclick=\u00a0\u00bbcustom_link\u00a0\u00bb img_link_target=\u00a0\u00bb_blank\u00a0\u00bb css_animation=\u00a0\u00bbbottom-to-top\u00a0\u00bb link=\u00a0\u00bbhttps:\/\/www.agefiph.fr\/annuaire?departement=55&Prime;][\/vc_column][vc_column width=\u00a0\u00bb3\/4&Prime;][vc_column_text css_animation=\u00a0\u00bbbottom-to-top\u00a0\u00bb]<\/p>\n<h3 class=\"no_stripe\">Cap Emploi<\/h3>\n<h4 class=\"position\"><span style=\"color: #999999;\">Meuse (55)<\/span><\/h4>\n<hr \/>\n<div class=\"description\">Le <em>Cap emploi<\/em> 55 a pour mission d&rsquo;accompagner vers et dans l&#8217;emploi les personnes handicap\u00e9es et leurs employeurs. D\u00e9couvrez nos actions.<\/div>\n<p>[\/vc_column_text][\/vc_column][\/vc_row][vc_row][vc_column][vc_separator][\/vc_column][\/vc_row][vc_row][vc_column width=\u00a0\u00bb1\/4&Prime;][vc_single_image image=\u00a0\u00bb3116&Prime; img_size=\u00a0\u00bbfull\u00a0\u00bb style=\u00a0\u00bbvc_box_shadow_border\u00a0\u00bb onclick=\u00a0\u00bbcustom_link\u00a0\u00bb img_link_target=\u00a0\u00bb_blank\u00a0\u00bb css_animation=\u00a0\u00bbbottom-to-top\u00a0\u00bb link=\u00a0\u00bbhttps:\/\/www.caf.fr\/allocataires\/caf-de-la-meuse\/actualites\u00a0\u00bb][\/vc_column][vc_column width=\u00a0\u00bb3\/4&Prime;][vc_column_text css_animation=\u00a0\u00bbbottom-to-top\u00a0\u00bb]<\/p>\n<h3 class=\"no_stripe\">Caf Meuse<\/h3>\n<h4 class=\"position\"><span style=\"color: #999999;\">Bar le Duc (55)<\/span><\/h4>\n<hr \/>\n<div class=\"description\">Sur le plan d\u00e9partemental, chaque Caf m\u00e8ne une politique d\u2019Action Sociale par le versement de prestations extra l\u00e9gales sous forme d\u2019aides individuelles ou collectives et assure un appui technique et financier aux structures \u0153uvrant dans le domaine de l\u2019enfance, la jeunesse, la famille et l\u2019animation sociale.<\/div>\n<p>[\/vc_column_text][\/vc_column][\/vc_row][vc_row][vc_column][vc_separator][\/vc_column][\/vc_row][vc_row][vc_column width=\u00a0\u00bb1\/4&Prime;][vc_single_image image=\u00a0\u00bb3153&Prime; img_size=\u00a0\u00bbfull\u00a0\u00bb style=\u00a0\u00bbvc_box_shadow_border\u00a0\u00bb onclick=\u00a0\u00bbcustom_link\u00a0\u00bb img_link_target=\u00a0\u00bb_blank\u00a0\u00bb css_animation=\u00a0\u00bbbottom-to-top\u00a0\u00bb link=\u00a0\u00bbhttp:\/\/www.meuse.fr\/\u00a0\u00bb][\/vc_column][vc_column width=\u00a0\u00bb3\/4&Prime;][vc_column_text css_animation=\u00a0\u00bbbottom-to-top\u00a0\u00bb]<\/p>\n<h3 class=\"no_stripe\">D\u00e9partement de la Meuse<\/h3>\n<h4 class=\"position\"><span style=\"color: #999999;\">Bar le Duc (55)<\/span><\/h4>\n<hr \/>\n<div class=\"description\">Venez d\u00e9couvrir l&rsquo;initiative du D\u00e9partement de la <em>Meuse<\/em>. Proposez, votez et b\u00e9n\u00e9ficiez des projets r\u00e9alis\u00e9s pour votre territoire en devenant acteur du budget&#8230;<\/div>\n<p>[\/vc_column_text][\/vc_column][\/vc_row][vc_row][vc_column][vc_separator][\/vc_column][\/vc_row][vc_row][vc_column width=\u00a0\u00bb1\/4&Prime;][vc_single_image image=\u00a0\u00bb3152&Prime; img_size=\u00a0\u00bbfull\u00a0\u00bb style=\u00a0\u00bbvc_box_shadow_border\u00a0\u00bb onclick=\u00a0\u00bbcustom_link\u00a0\u00bb img_link_target=\u00a0\u00bb_blank\u00a0\u00bb css_animation=\u00a0\u00bbbottom-to-top\u00a0\u00bb link=\u00a0\u00bbhttps:\/\/www.barleduc.fr\u00a0\u00bb][\/vc_column][vc_column width=\u00a0\u00bb3\/4&Prime;][vc_column_text css_animation=\u00a0\u00bbbottom-to-top\u00a0\u00bb]<\/p>\n<h3 class=\"no_stripe\">Ville de Bar le Duc<\/h3>\n<h4 class=\"position\"><span style=\"color: #999999;\">Bar le Duc (55)<\/span><\/h4>\n<hr \/>\n<div class=\"description\">La <em>ville de Bar le Duc<\/em> est pr\u00e9sente sur les r\u00e9seaux sociaux. Retrouvez ici les derni\u00e8res publications de nos comptes officiels.<\/div>\n<p>[\/vc_column_text][\/vc_column][\/vc_row][vc_row][vc_column][vc_separator][\/vc_column][\/vc_row][vc_row][vc_column width=\u00a0\u00bb1\/4&Prime;][vc_single_image image=\u00a0\u00bb3151&Prime; img_size=\u00a0\u00bbfull\u00a0\u00bb style=\u00a0\u00bbvc_box_shadow_border\u00a0\u00bb onclick=\u00a0\u00bbcustom_link\u00a0\u00bb img_link_target=\u00a0\u00bb_blank\u00a0\u00bb css_animation=\u00a0\u00bbbottom-to-top\u00a0\u00bb link=\u00a0\u00bbhttps:\/\/www.lameuse.fr\/fr\/\u00a0\u00bb][\/vc_column][vc_column width=\u00a0\u00bb3\/4&Prime;][vc_column_text css_animation=\u00a0\u00bbbottom-to-top\u00a0\u00bb]<\/p>\n<h3 class=\"no_stripe\">Meuse Tourisme<\/h3>\n<h4 class=\"position\"><span style=\"color: #999999;\">Bar le Duc (55)<\/span><\/h4>\n<hr \/>\n<div class=\"description\">Site de Meuse Attractivit\u00e9, s\u00e9jours, loisirs et sorties, en Lorraine, Grand-Est, dans un d\u00e9partement surprenant, inattendu, de nature et d&rsquo;histoire.<\/div>\n<p>[\/vc_column_text][\/vc_column][\/vc_row][vc_row][vc_column][vc_separator][\/vc_column][\/vc_row][vc_row][vc_column width=\u00a0\u00bb1\/4&Prime;][vc_single_image image=\u00a0\u00bb3150&Prime; img_size=\u00a0\u00bbfull\u00a0\u00bb style=\u00a0\u00bbvc_box_shadow_border\u00a0\u00bb onclick=\u00a0\u00bbcustom_link\u00a0\u00bb img_link_target=\u00a0\u00bb_blank\u00a0\u00bb css_animation=\u00a0\u00bbbottom-to-top\u00a0\u00bb link=\u00a0\u00bbhttp:\/\/ml-nordmeusien.fr\u00a0\u00bb][\/vc_column][vc_column width=\u00a0\u00bb3\/4&Prime;][vc_column_text css_animation=\u00a0\u00bbbottom-to-top\u00a0\u00bb]<\/p>\n<h3 class=\"no_stripe\">Mission locale<\/h3>\n<h4 class=\"position\"><span style=\"color: #999999;\">Nord Meusien<\/span><\/h4>\n<hr \/>\n<div class=\"description\">Venez d\u00e9couvrir l&rsquo;initiative du D\u00e9partement de la <em>Meuse<\/em>. Proposez, votez et b\u00e9n\u00e9ficiez des projets r\u00e9alis\u00e9s pour votre territoire en devenant acteur du budget&#8230;<\/div>\n<p>[\/vc_column_text][\/vc_column][\/vc_row][vc_row][vc_column][vc_separator][\/vc_column][\/vc_row][vc_row][vc_column width=\u00a0\u00bb1\/4&Prime;][vc_single_image image=\u00a0\u00bb3149&Prime; img_size=\u00a0\u00bbfull\u00a0\u00bb style=\u00a0\u00bbvc_box_shadow_border\u00a0\u00bb onclick=\u00a0\u00bbcustom_link\u00a0\u00bb img_link_target=\u00a0\u00bb_blank\u00a0\u00bb css_animation=\u00a0\u00bbbottom-to-top\u00a0\u00bb link=\u00a0\u00bbhttps:\/\/arml-grandest.fr\u00a0\u00bb][\/vc_column][vc_column width=\u00a0\u00bb3\/4&Prime;][vc_column_text css_animation=\u00a0\u00bbbottom-to-top\u00a0\u00bb]<\/p>\n<h3 class=\"no_stripe\">Missions locales<\/h3>\n<h4 class=\"position\"><span style=\"color: #999999;\">Grand Est<\/span><\/h4>\n<hr \/>\n<div class=\"description\">L\u2019Association R\u00e9gionale Grand Est r\u00e9unit les 43 Missions Locales qui couvrent l\u2019ensemble du territoire. Elle interagit \u00e0 la fois au niveau r\u00e9gional et national.<\/div>\n<p>[\/vc_column_text][\/vc_column][\/vc_row][vc_row][vc_column][vc_separator][\/vc_column][\/vc_row][vc_row][vc_column width=\u00a0\u00bb1\/4&Prime;][vc_single_image image=\u00a0\u00bb3148&Prime; img_size=\u00a0\u00bbfull\u00a0\u00bb style=\u00a0\u00bbvc_box_shadow_border\u00a0\u00bb onclick=\u00a0\u00bbcustom_link\u00a0\u00bb img_link_target=\u00a0\u00bb_blank\u00a0\u00bb css_animation=\u00a0\u00bbbottom-to-top\u00a0\u00bb link=\u00a0\u00bbhttps:\/\/www.habitatjeunes.org\u00a0\u00bb][\/vc_column][vc_column width=\u00a0\u00bb3\/4&Prime;][vc_column_text css_animation=\u00a0\u00bbbottom-to-top\u00a0\u00bb]<\/p>\n<h3 class=\"no_stripe\">UNHAJ<\/h3>\n<h4 class=\"position\">Union Nationale Pour Habitat Jeunes<\/h4>\n<hr \/>\n<div class=\"description\">Habitat Jeunes facilite la mobilit\u00e9 des jeunes de 16 \u00e0 30 ans en leur proposant des logements, des services et un environnement propices \u00e0 l\u2019expression individuelle et collective.<\/div>\n<p>[\/vc_column_text][\/vc_column][\/vc_row][vc_row][vc_column][vc_separator][\/vc_column][\/vc_row][vc_row][vc_column width=\u00a0\u00bb1\/4&Prime;][vc_single_image image=\u00a0\u00bb3147&Prime; img_size=\u00a0\u00bbfull\u00a0\u00bb style=\u00a0\u00bbvc_box_shadow_border\u00a0\u00bb onclick=\u00a0\u00bbcustom_link\u00a0\u00bb img_link_target=\u00a0\u00bb_blank\u00a0\u00bb css_animation=\u00a0\u00bbbottom-to-top\u00a0\u00bb link=\u00a0\u00bbhttps:\/\/transversales-verdun.com\u00a0\u00bb][\/vc_column][vc_column width=\u00a0\u00bb3\/4&Prime;][vc_column_text css_animation=\u00a0\u00bbbottom-to-top\u00a0\u00bb]<\/p>\n<h3 class=\"no_stripe\">Transversales<\/h3>\n<h4 class=\"position\">Verdun<\/h4>\n<hr \/>\n<div class=\"description\">Bienvenue sur le site de Transversales (sc\u00e8ne conventionn\u00e9e cirque Verdun). L&rsquo;aventure continue ! T\u00e9l\u00e9chargez le programme de la nouvelle saison.<\/div>\n<p>[\/vc_column_text][\/vc_column][\/vc_row][vc_row][vc_column][vc_separator][\/vc_column][\/vc_row][vc_row][vc_column width=\u00a0\u00bb1\/4&Prime;][vc_single_image image=\u00a0\u00bb3146&Prime; img_size=\u00a0\u00bbfull\u00a0\u00bb style=\u00a0\u00bbvc_box_shadow_border\u00a0\u00bb onclick=\u00a0\u00bbcustom_link\u00a0\u00bb img_link_target=\u00a0\u00bb_blank\u00a0\u00bb css_animation=\u00a0\u00bbbottom-to-top\u00a0\u00bb link=\u00a0\u00bbhttps:\/\/www.acb-scenenationale.com\/lacb-cest\/\u00a0\u00bb][\/vc_column][vc_column width=\u00a0\u00bb3\/4&Prime;][vc_column_text css_animation=\u00a0\u00bbbottom-to-top\u00a0\u00bb]<\/p>\n<h3 class=\"no_stripe\">ACB<\/h3>\n<h4 class=\"position\">Bar le duc<\/h4>\n<hr \/>\n<div class=\"description\">L&rsquo;ACB c&rsquo;est une sc\u00e8ne nationale inscrite dans un r\u00e9seau de 74 sc\u00e8nes nationales. Chaque saison l\u2019acb construit une programmation \u00e9clectique, ouverte \u00e0 tous, \u00e0 tous \u00e2ges, et tout un tissu d\u2019actions un peu moins visibles mais pourtant essentielles, men\u00e9es avec des \u00e9quipes artistiques, des structures sociales, des associations, des \u00e9tablissements scolaires.<\/div>\n<p>[\/vc_column_text][\/vc_column][\/vc_row][vc_row][vc_column][vc_separator][\/vc_column][\/vc_row][vc_row][vc_column width=\u00a0\u00bb1\/4&Prime;][vc_single_image image=\u00a0\u00bb3145&Prime; img_size=\u00a0\u00bbfull\u00a0\u00bb style=\u00a0\u00bbvc_box_shadow_border\u00a0\u00bb onclick=\u00a0\u00bbcustom_link\u00a0\u00bb img_link_target=\u00a0\u00bb_blank\u00a0\u00bb css_animation=\u00a0\u00bbbottom-to-top\u00a0\u00bb link=\u00a0\u00bbhttps:\/\/ventdesforets.com\u00a0\u00bb][\/vc_column][vc_column width=\u00a0\u00bb3\/4&Prime;][vc_column_text css_animation=\u00a0\u00bbbottom-to-top\u00a0\u00bb]<\/p>\n<h3 class=\"no_stripe\">Vent des for\u00eats<\/h3>\n<h4 class=\"position\">Meuse (55)<\/h4>\n<hr \/>\n<div class=\"description\">Vent des For\u00eats, centre d\u2019art contemporain d\u2019int\u00e9r\u00eat national, affirme depuis 24 ans la rencontre fructueuse du monde rural et de l\u2019art contemporain. Situ\u00e9 au c\u0153ur du d\u00e9partement de la Meuse, en r\u00e9gion Grand Est, Vent des For\u00eats est port\u00e9 depuis 1997 par une association qui f\u00e9d\u00e8re 6 villages agricoles et forestiers.<\/div>\n<p>[\/vc_column_text][\/vc_column][\/vc_row][vc_row][vc_column][vc_separator][\/vc_column][\/vc_row][vc_row][vc_column width=\u00a0\u00bb1\/4&Prime;][vc_single_image image=\u00a0\u00bb3299&Prime; img_size=\u00a0\u00bbfull\u00a0\u00bb style=\u00a0\u00bbvc_box_shadow_border\u00a0\u00bb onclick=\u00a0\u00bbcustom_link\u00a0\u00bb img_link_target=\u00a0\u00bb_blank\u00a0\u00bb css_animation=\u00a0\u00bbbottom-to-top\u00a0\u00bb link=\u00a0\u00bbhttps:\/\/www.vinci.com\u00a0\u00bb][\/vc_column][vc_column width=\u00a0\u00bb3\/4&Prime;][vc_column_text css_animation=\u00a0\u00bbbottom-to-top\u00a0\u00bb]<\/p>\n<h3 class=\"no_stripe\">Vinci<\/h3>\n<hr \/>\n<div class=\"description\">VINCI est un leader mondial des concessions, de la construction et de l\u2019\u00e9nergie, pr\u00e9sent dans pr\u00e8s de 120 pays. Son ambition, face \u00e0 l\u2019urgence environnementale, est d\u2019acc\u00e9l\u00e9rer la transformation du cadre de vie, des infrastructures et de la mobilit\u00e9.<\/div>\n<p>[\/vc_column_text][\/vc_column][\/vc_row][vc_row][vc_column][vc_separator][\/vc_column][\/vc_row][vc_row][vc_column width=\u00a0\u00bb1\/4&Prime;][vc_single_image image=\u00a0\u00bb3300&Prime; img_size=\u00a0\u00bbfull\u00a0\u00bb style=\u00a0\u00bbvc_box_shadow_border\u00a0\u00bb onclick=\u00a0\u00bbcustom_link\u00a0\u00bb img_link_target=\u00a0\u00bb_blank\u00a0\u00bb css_animation=\u00a0\u00bbbottom-to-top\u00a0\u00bb link=\u00a0\u00bbhttps:\/\/www.fondationdefrance.org\/fr\u00a0\u00bb][\/vc_column][vc_column width=\u00a0\u00bb3\/4&Prime;][vc_column_text css_animation=\u00a0\u00bbbottom-to-top\u00a0\u00bb]<\/p>\n<h3 class=\"no_stripe\">Fondation de France<\/h3>\n<hr \/>\n<div class=\"description\">Chacun de nous a le pouvoir d\u2019agir pour l\u2019int\u00e9r\u00eat g\u00e9n\u00e9ral. Cette conviction est, depuis 50 ans, le moteur de la Fondation de France. Chaque jour, elle encourage, accompagne et transforme les envies d\u2019agir en actions utiles et efficaces pour construire une soci\u00e9t\u00e9 plus digne et plus juste.<\/div>\n<p>[\/vc_column_text][\/vc_column][\/vc_row]<\/p>\n","protected":false},"excerpt":{"rendered":"<p>[vc_row][vc_column][\/vc_column][\/vc_row][vc_row][vc_column width=\u00a0\u00bb1\/4&Prime;][vc_single_image image=\u00a0\u00bb3114&Prime; img_size=\u00a0\u00bbfull\u00a0\u00bb style=\u00a0\u00bbvc_box_shadow_border\u00a0\u00bb onclick=\u00a0\u00bbcustom_link\u00a0\u00bb img_link_target=\u00a0\u00bb_blank\u00a0\u00bb css_animation=\u00a0\u00bbbottom-to-top\u00a0\u00bb link=\u00a0\u00bbhttps:\/\/www.agefiph.fr\/annuaire?departement=55&Prime;][\/vc_column][vc_column width=\u00a0\u00bb3\/4&Prime;][vc_column_text css_animation=\u00a0\u00bbbottom-to-top\u00a0\u00bb] Cap Emploi Meuse (55) Le Cap emploi 55 a pour mission d&rsquo;accompagner vers et dans l&#8217;emploi les personnes handicap\u00e9es&#8230;<\/p>\n","protected":false},"author":1,"featured_media":0,"parent":0,"menu_order":0,"comment_status":"closed","ping_status":"closed","template":"","meta":{"footnotes":""},"class_list":["post-1399","page","type-page","status-publish","hentry"],"_links":{"self":[{"href":"https:\/\/aj-habitatjeunes.fr\/index.php\/wp-json\/wp\/v2\/pages\/1399","targetHints":{"allow":["GET"]}}],"collection":[{"href":"https:\/\/aj-habitatjeunes.fr\/index.php\/wp-json\/wp\/v2\/pages"}],"about":[{"href":"https:\/\/aj-habitatjeunes.fr\/index.php\/wp-json\/wp\/v2\/types\/page"}],"author":[{"embeddable":true,"href":"https:\/\/aj-habitatjeunes.fr\/index.php\/wp-json\/wp\/v2\/users\/1"}],"replies":[{"embeddable":true,"href":"https:\/\/aj-habitatjeunes.fr\/index.php\/wp-json\/wp\/v2\/comments?post=1399"}],"version-history":[{"count":18,"href":"https:\/\/aj-habitatjeunes.fr\/index.php\/wp-json\/wp\/v2\/pages\/1399\/revisions"}],"predecessor-version":[{"id":3585,"href":"https:\/\/aj-habitatjeunes.fr\/index.php\/wp-json\/wp\/v2\/pages\/1399\/revisions\/3585"}],"wp:attachment":[{"href":"https:\/\/aj-habitatjeunes.fr\/index.php\/wp-json\/wp\/v2\/media?parent=1399"}],"curies":[{"name":"wp","href":"https:\/\/api.w.org\/{rel}","templated":true}]}}