{"id":11,"date":"2016-03-28T09:28:14","date_gmt":"2016-03-28T09:28:14","guid":{"rendered":"http:\/\/wp.magnium-themes.com\/thebuilt\/thebuilt-1\/?page_id=11"},"modified":"2025-12-17T18:22:05","modified_gmt":"2025-12-17T17:22:05","slug":"homepage","status":"publish","type":"page","link":"https:\/\/aj-habitatjeunes.fr\/","title":{"rendered":"Accueil"},"content":{"rendered":"<p>[vc_row][vc_column][rev_slider_vc alias=\u00a0\u00bbthebuilt-1&Prime;][\/vc_column][\/vc_row][vc_row][vc_column width=\u00a0\u00bb1\/3&Prime;][\/vc_column][vc_column width=\u00a0\u00bb1\/3&Prime;][\/vc_column][vc_column width=\u00a0\u00bb1\/3&Prime;][\/vc_column][\/vc_row][vc_row equal_height=\u00a0\u00bbyes\u00a0\u00bb css=\u00a0\u00bb.vc_custom_1459437352339{margin-bottom: 50px !important;}\u00a0\u00bb][vc_column width=\u00a0\u00bb1\/3&Prime; css=\u00a0\u00bb.vc_custom_1459186986556{margin-right: 0px !important;padding-right: 0px !important;}\u00a0\u00bb]<div class=\"mgt-header-block clearfix text-left text-black wpb_content_element  mgt-header-block-style-1 mgt-header-texttransform-header \"><h2 class=\"mgt-header-block-title\">Faire un don<\/h2><div class=\"mgt-header-line\"><\/div><\/div><style scoped='scoped'>.mgt-promo-block-80547717587.mgt-promo-block.animated:hover .mgt-promo-block-content {background-color: rgba(0,0,0,0.5)!important;}<\/style><div class=\"mgt-promo-block animated white-text cover-image text-size-normal no-darken mgt-promo-block-80547717587 wpb_content_element\" data-style=\"background-image: url(https:\/\/aj-habitatjeunes.fr\/wp-content\/uploads\/2021\/06\/pexels-photo-6348123.jpeg);background-repeat: no-repeat;width: 100%; height: 440px;\"><div class=\"mgt-promo-block-content\"><div class=\"mgt-promo-block-content-inside\"><div class=\"mgt-button-wrapper mgt-button-wrapper-align-center mgt-button-wrapper-display-newline mgt-button-top-margin-disable\"><a class=\"btn hvr-bounce-to-right mgt-button mgt-style-solid mgt-size-normal mgt-align-center mgt-display-newline mgt-text-size-normal mgt-button-icon-position-left mgt-text-transform-uppercase \" href=\"https:\/\/www.helloasso.com\/associations\/accueil-des-jeunes\" target=\"_blank\">Faire un don<\/a><\/div><\/div><\/div><\/div>[\/vc_column][vc_column width=\u00a0\u00bb1\/3&Prime; css=\u00a0\u00bb.vc_custom_1459186959095{margin-left: 0px !important;padding-left: 0px !important;}\u00a0\u00bb]<div class=\"mgt-header-block clearfix text-left text-black wpb_content_element  mgt-header-block-style-1 mgt-header-texttransform-header \"><h2 class=\"mgt-header-block-title\">Notre association<\/h2><div class=\"mgt-header-line\"><\/div><\/div><div class=\"mgt-promo-block black-text text-size-normal no-darken mgt-promo-block-75700987093 wpb_content_element\" data-style=\"background-color: #f5f5f5;width: 100%; height: 440px;\"><div class=\"mgt-promo-block-content va-top\"><div class=\"mgt-promo-block-content-inside vc_custom_1629206573480\"><b><i>L\u2019ASSOCIATION ACCUEIL DES JEUNES\u00a0OEUVRE DEPUIS 50 ANS<\/i><\/b>\n<p style=\"text-align: left\">Le Foyer de Jeunes Travailleurs de la Meuse est un acteur incontournable pour l\u2019h\u00e9bergement et l\u2019accompagnement de tous les jeunes (apprentis, en formation, en situation pr\u00e9caire).\n<b>L\u2019Accueil des Jeunes, se sont\u00a0:<\/b>\n<ul>\n<li>180 jeunes log\u00e9s par an<\/li>\n<li>97 logements en Meuse<\/li>\n<\/ul>\n<b><i>AVEC VOTRE DON, AGISSEZ AUJOURD\u2019HUI POUR LA JEUNESSE DE DEMAIN\u00a0! <\/i><\/b>\n<b><i>Et b\u00e9n\u00e9ficiez d&rsquo;une\u00a0r\u00e9duction fiscale (66% pour les particuliers, 60% pour les\u00a0entreprises)<\/i><\/b><\/div><\/div><\/div>[\/vc_column][vc_column width=\u00a0\u00bb1\/3&Prime;]<div class=\"mgt-header-block clearfix text-left text-black wpb_content_element  mgt-header-block-style-1 mgt-header-texttransform-header \"><h2 class=\"mgt-header-block-title\">Nos menus<\/h2><div class=\"mgt-header-line\"><\/div><\/div><div class=\"mgt-icon-box wpb_content_element mgt-icon-box-right mgt-icon-fa mgt-icon-background mgt-icon-background-normal text-black \"><div class=\"mgt-icon-box-icon hvr-icon-push\"><div class=\"mgt-font-icon\"><i class=\"fa fa-users\"><\/i><\/div><\/div><div class=\"mgt-icon-box-content\"><h5>Accueil des jeunes et \u00e9coles<\/h5>La restauration de l&rsquo;AJ Habitat Jeunes c&rsquo;est une cuisine de qualit\u00e9 confectionn\u00e9e sur place avec des produits frais.\u00a0Ouverture sur l&rsquo;ext\u00e9rieur, du lundi au vendredi soir, cette ligne de self propose chaque jour une diversit\u00e9 d&rsquo;entr\u00e9es, de plats du jour et de desserts.<\/div><div class=\"clearfix\"><\/div><\/div>[vc_single_image image=\u00a0\u00bb3018&Prime; img_size=\u00a0\u00bbfull\u00a0\u00bb][vc_row_inner][vc_column_inner width=\u00a0\u00bb1\/2&Prime;]<div class=\"mgt-button-wrapper mgt-button-wrapper-align-center mgt-button-wrapper-display-inline mgt-button-top-margin-disable\"><a class=\"btn hvr-default mgt-button mgt-style-solid mgt-size-normal mgt-align-center mgt-display-inline mgt-text-size-normal mgt-button-icon-position-left mgt-text-transform-none \" href=\"http:\/\/aj-habitatjeunes.fr\/wp-content\/uploads\/2021\/10\/Menu-self.pdf\" target=\"_blank\">Menu ADJ<\/a><\/div>[\/vc_column_inner][vc_column_inner width=\u00a0\u00bb1\/2&Prime;]<div class=\"mgt-button-wrapper mgt-button-wrapper-align-center mgt-button-wrapper-display-inline mgt-button-top-margin-disable\"><a class=\"btn hvr-default mgt-button mgt-style-solid-invert mgt-size-normal mgt-align-center mgt-display-inline mgt-text-size-normal mgt-button-icon-position-left mgt-text-transform-none \" href=\"http:\/\/aj-habitatjeunes.fr\/wp-content\/uploads\/2021\/10\/Menu-ecole.pdf\" target=\"_blank\">Menu Ecoles<\/a><\/div>[\/vc_column_inner][\/vc_row_inner][\/vc_column][\/vc_row][vc_row][vc_column]<div class=\"mgt-cta-block clearfix white-text with-text wpb_content_element\" data-style=\"background-color: #2a2f35;\"><div class=\"mgt-button-wrapper mgt-button-wrapper-align-right mgt-button-wrapper-display-newline mgt-button-top-margin-disable\"><a class=\"btn hvr-bounce-to-right mgt-button mgt-style-solid mgt-size-normal mgt-align-right mgt-display-newline mgt-text-size-normal mgt-button-icon-position-right mgt-text-transform-uppercase \" href=\"https:\/\/aj-habitatjeunes.fr\/index.php\/lojtoit\/\">consulter<\/a><\/div><h5 class=\"mgt-cta-block-header\">Loj&#039;Toit<\/h5><div class=\"mgt-cta-block-content\">Tu as entre 16 et 30 ans ? Tu es \u00e0 la recherche d\u2019un logement ? Loj\u2019Toit t\u2019accompagne dans la construction<br \/>\nde ton projet, tes recherches et les d\u00e9marches d\u2019acc\u00e8s.<\/div><\/div>[\/vc_column][\/vc_row][vc_row css=\u00a0\u00bb.vc_custom_1742911465228{padding-top: 20px !important;}\u00a0\u00bb][vc_column]<div class=\"mgt-cta-block clearfix black-text with-text wpb_content_element\" data-style=\"background-color: #f5f5f5;\"><div class=\"mgt-button-wrapper mgt-button-wrapper-align-right mgt-button-wrapper-display-newline mgt-button-top-margin-disable\"><a class=\"btn hvr-bounce-to-right mgt-button mgt-style-solid mgt-size-normal mgt-align-right mgt-display-newline mgt-text-size-normal mgt-button-icon-position-right mgt-text-transform-uppercase \" href=\"https:\/\/aj-habitatjeunes.fr\/index.php\/rapports-dactivites\/\">consulter<\/a><\/div><h5 class=\"mgt-cta-block-header\">Rapports d&#039;activit\u00e9<\/h5><div class=\"mgt-cta-block-content\">Si vous souhaitez en savoir plus sur l\u2019Accueil des Jeunes, je vous invite \u00e0 consulter notre rapport d\u2019activit\u00e9. Vous y trouverez un aper\u00e7u complet de nos actions ainsi que des jeunes que nous accompagnons.<\/div><\/div>[\/vc_column][\/vc_row][vc_row][vc_column]<div class=\"mgt-header-block clearfix text-left text-black wpb_content_element  mgt-header-block-style-1 mgt-header-texttransform-header \"><h2 class=\"mgt-header-block-title\">Habiter chez nous<\/h2><div class=\"mgt-header-line\"><\/div><\/div>[\/vc_column][\/vc_row][vc_row][vc_column width=\u00a0\u00bb1\/3&Prime;]<style scoped='scoped'>.mgt-promo-block-47329438164.mgt-promo-block.darken .mgt-promo-block-content {background-color: rgba(10,10,10,0.3)!important;}.mgt-promo-block-47329438164.mgt-promo-block.animated:hover .mgt-promo-block-content {background-color: rgba(0,0,0,0.5)!important;}<\/style><div class=\"mgt-promo-block animated white-text cover-image text-size-normal darken mgt-promo-block-47329438164 wpb_content_element wpb_animate_when_almost_visible wpb_appear\" data-style=\"background-image: url(https:\/\/aj-habitatjeunes.fr\/wp-content\/uploads\/2021\/06\/services-1.jpg);background-repeat: no-repeat;width: 100%; height: 220px;\"><div class=\"mgt-promo-block-content va-bottom\"><div class=\"mgt-promo-block-content-inside vc_custom_1700568185794\"><i class=\"fa fa-2 fa-building\"><!-- Icon --><\/i>\n<h3>DEMANDE D&rsquo;HEBERGEMENT<\/h3>\n<div class=\"mgt-button-wrapper mgt-button-wrapper-align-left mgt-button-wrapper-display-newline mgt-button-top-margin-disable\"><a class=\"btn hvr-icon-wobble-horizontal mgt-button mgt-style-textwhite mgt-size-normal mgt-align-left mgt-display-newline mgt-text-size-small mgt-button-icon-position-right mgt-text-transform-uppercase \" href=\"https:\/\/www.sihaj.org\/SocioEducatif\/DemandeLogementInternet\/CreerDemande?idRegroupement=191\" target=\"_blank\">lire plus<i class=\"fa fa-arrow-right\"><\/i><\/a><\/div><\/div><\/div><\/div>[vc_column_text css_animation=\u00a0\u00bbleft-to-right\u00a0\u00bb css=\u00a0\u00bb.vc_custom_1629294360882{padding-top: 25px !important;padding-right: 25px !important;padding-bottom: 25px !important;padding-left: 25px !important;background-color: #f5f5f5 !important;}\u00a0\u00bb]<\/p>\n<div class=\"Texte\" id=\"TheTexte\" lang=\"zxx\">\n<p>Effectuez ici une demande d&rsquo;h\u00e9bergement, puis, d\u00e8s reception de votre demande, nos services\u00a0traiterons celle-ci dans les plus brefs d\u00e9lais\u00a0et vous informerons rapidement si votre\u00a0demande est accept\u00e9e.<\/p>\n<\/div>\n<p>[\/vc_column_text][\/vc_column][vc_column width=\u00a0\u00bb1\/3&Prime;]<style scoped='scoped'>.mgt-promo-block-42115338664.mgt-promo-block.darken .mgt-promo-block-content {background-color: rgba(10,10,10,0.38)!important;}.mgt-promo-block-42115338664.mgt-promo-block.animated:hover .mgt-promo-block-content {background-color: rgba(0,0,0,0.5)!important;}<\/style><div class=\"mgt-promo-block animated white-text cover-image text-size-normal darken mgt-promo-block-42115338664 wpb_content_element wpb_animate_when_almost_visible wpb_appear\" data-style=\"background-image: url(https:\/\/aj-habitatjeunes.fr\/wp-content\/uploads\/2021\/06\/living-room-couch-interior-room-584399.jpeg);background-repeat: no-repeat;width: 100%; height: 220px;\"><div class=\"mgt-promo-block-content va-bottom\"><div class=\"mgt-promo-block-content-inside vc_custom_1632907956277\"><i class=\"fa fa-2 fa-home\"><!-- Icon --><\/i>\n<h3>CONDITIONS D&rsquo;HEBERGEMENT<\/h3>\n<div class=\"mgt-button-wrapper mgt-button-wrapper-align-left mgt-button-wrapper-display-newline mgt-button-top-margin-disable\"><a class=\"btn hvr-icon-wobble-horizontal mgt-button mgt-style-textwhite mgt-size-normal mgt-align-left mgt-display-newline mgt-text-size-small mgt-button-icon-position-right mgt-text-transform-uppercase \" href=\"https:\/\/aj-habitatjeunes.fr\/index.php\/hebergement\/\">lire plus<i class=\"fa fa-arrow-right\"><\/i><\/a><\/div><\/div><\/div><\/div>[vc_column_text css_animation=\u00a0\u00bbbottom-to-top\u00a0\u00bb css=\u00a0\u00bb.vc_custom_1629280369447{padding-top: 25px !important;padding-right: 25px !important;padding-bottom: 25px !important;padding-left: 25px !important;background-color: #f5f5f5 !important;}\u00a0\u00bb]Vous trouverez ici des documents \u00e0 t\u00e9l\u00e9charger (au format PDF) qui vous permettront\u00a0de prendre connaissance des conditions d&rsquo;h\u00e9bergement.<br \/>\nPour toutes informations compl\u00e9mentaires et pour toutes autres\u00a0questions, reportez-vous \u00e0 la rubrique questions fr\u00e9quentes[\/vc_column_text][\/vc_column][vc_column width=\u00a0\u00bb1\/3&Prime;]<style scoped='scoped'>.mgt-promo-block-47315338424.mgt-promo-block.darken .mgt-promo-block-content {background-color: rgba(10,10,10,0.38)!important;}.mgt-promo-block-47315338424.mgt-promo-block.animated:hover .mgt-promo-block-content {background-color: rgba(0,0,0,0.5)!important;}<\/style><div class=\"mgt-promo-block animated white-text cover-image text-size-normal darken mgt-promo-block-47315338424 wpb_content_element wpb_animate_when_almost_visible wpb_appear\" data-style=\"background-image: url(https:\/\/aj-habitatjeunes.fr\/wp-content\/uploads\/2021\/06\/pexels-photo-7429405.jpeg);background-repeat: no-repeat;width: 100%; height: 220px;\"><div class=\"mgt-promo-block-content va-bottom\"><div class=\"mgt-promo-block-content-inside vc_custom_1632907972026\"><i class=\"fa fa-2 fa-users\"><!-- Icon --><\/i>\n<h3>VIE PRATIQUE<\/h3>\n<div class=\"mgt-button-wrapper mgt-button-wrapper-align-left mgt-button-wrapper-display-newline mgt-button-top-margin-disable\"><a class=\"btn hvr-icon-wobble-horizontal mgt-button mgt-style-textwhite mgt-size-normal mgt-align-left mgt-display-newline mgt-text-size-small mgt-button-icon-position-right mgt-text-transform-uppercase \" href=\"https:\/\/aj-habitatjeunes.fr\/index.php\/vie-pratique\/\">lire plus<i class=\"fa fa-arrow-right\"><\/i><\/a><\/div><\/div><\/div><\/div>[vc_column_text css_animation=\u00a0\u00bbright-to-left\u00a0\u00bb css=\u00a0\u00bb.vc_custom_1629280571183{padding-top: 25px !important;padding-right: 25px !important;padding-bottom: 25px !important;padding-left: 25px !important;background-color: #f5f5f5 !important;}\u00a0\u00bb]Des activit\u00e9s culturelles, sportives, des sorties et des soir\u00e9es \u00e0 th\u00e8mes rendent la vie, au sein de l\u2019association, agr\u00e9able et anim\u00e9e. L&rsquo;ADJ se charge \u00e9galement de votre Accompagnement et d&rsquo;une Aide aux d\u00e9marches administratives si vous le souhaitez.[\/vc_column_text][\/vc_column][\/vc_row][vc_row][vc_column][vc_separator][\/vc_column][\/vc_row][vc_row css=\u00a0\u00bb.vc_custom_1629199756192{margin-bottom: 15px !important;}\u00a0\u00bb][vc_column]<div class=\"mgt-cta-block clearfix white-text with-text wpb_content_element\" data-style=\"background-color: #2a2f35;\"><div class=\"mgt-button-wrapper mgt-button-wrapper-align-right mgt-button-wrapper-display-newline mgt-button-top-margin-disable\"><a class=\"btn hvr-bounce-to-right mgt-button mgt-style-solid mgt-size-normal mgt-align-right mgt-display-newline mgt-text-size-normal mgt-button-icon-position-right mgt-text-transform-uppercase \" href=\"https:\/\/aj-habitatjeunes.fr\/index.php\/mediationfalmiliale\/\">consulter<\/a><\/div><h5 class=\"mgt-cta-block-header\">M\u00e9diation familiale<\/h5><div class=\"mgt-cta-block-content\">La m\u00e9diation familiale intervient dans le cadre des conflits familiaux qu\u2019ils soient li\u00e9s \u00e0 une s\u00e9paration, \u00e0 des difficult\u00e9s de communication entre parents et adolescents et\/ou jeunes adultes.<\/div><\/div>[\/vc_column][\/vc_row]<\/p>\n","protected":false},"excerpt":{"rendered":"<p>[vc_row][vc_column][rev_slider_vc alias=\u00a0\u00bbthebuilt-1&Prime;][\/vc_column][\/vc_row][vc_row][vc_column width=\u00a0\u00bb1\/3&Prime;][\/vc_column][vc_column width=\u00a0\u00bb1\/3&Prime;][\/vc_column][vc_column width=\u00a0\u00bb1\/3&Prime;][\/vc_column][\/vc_row][vc_row equal_height=\u00a0\u00bbyes\u00a0\u00bb css=\u00a0\u00bb.vc_custom_1459437352339{margin-bottom: 50px !important;}\u00a0\u00bb][vc_column width=\u00a0\u00bb1\/3&Prime; css=\u00a0\u00bb.vc_custom_1459186986556{margin-right: 0px !important;padding-right: 0px !important;}\u00a0\u00bb][\/vc_column][vc_column width=\u00a0\u00bb1\/3&Prime; css=\u00a0\u00bb.vc_custom_1459186959095{margin-left: 0px !important;padding-left: 0px !important;}\u00a0\u00bb][\/vc_column][vc_column width=\u00a0\u00bb1\/3&Prime;][vc_single_image image=\u00a0\u00bb3018&Prime; img_size=\u00a0\u00bbfull\u00a0\u00bb][vc_row_inner][vc_column_inner width=\u00a0\u00bb1\/2&Prime;][\/vc_column_inner][vc_column_inner width=\u00a0\u00bb1\/2&Prime;][\/vc_column_inner][\/vc_row_inner][\/vc_column][\/vc_row][vc_row][vc_column][\/vc_column][\/vc_row][vc_row css=\u00a0\u00bb.vc_custom_1742911465228{padding-top: 20px !important;}\u00a0\u00bb][vc_column][\/vc_column][\/vc_row][vc_row][vc_column][\/vc_column][\/vc_row][vc_row][vc_column width=\u00a0\u00bb1\/3&Prime;][vc_column_text&#8230;<\/p>\n","protected":false},"author":1,"featured_media":0,"parent":0,"menu_order":0,"comment_status":"closed","ping_status":"closed","template":"","meta":{"footnotes":""},"class_list":["post-11","page","type-page","status-publish","hentry"],"_links":{"self":[{"href":"https:\/\/aj-habitatjeunes.fr\/index.php\/wp-json\/wp\/v2\/pages\/11","targetHints":{"allow":["GET"]}}],"collection":[{"href":"https:\/\/aj-habitatjeunes.fr\/index.php\/wp-json\/wp\/v2\/pages"}],"about":[{"href":"https:\/\/aj-habitatjeunes.fr\/index.php\/wp-json\/wp\/v2\/types\/page"}],"author":[{"embeddable":true,"href":"https:\/\/aj-habitatjeunes.fr\/index.php\/wp-json\/wp\/v2\/users\/1"}],"replies":[{"embeddable":true,"href":"https:\/\/aj-habitatjeunes.fr\/index.php\/wp-json\/wp\/v2\/comments?post=11"}],"version-history":[{"count":101,"href":"https:\/\/aj-habitatjeunes.fr\/index.php\/wp-json\/wp\/v2\/pages\/11\/revisions"}],"predecessor-version":[{"id":3746,"href":"https:\/\/aj-habitatjeunes.fr\/index.php\/wp-json\/wp\/v2\/pages\/11\/revisions\/3746"}],"wp:attachment":[{"href":"https:\/\/aj-habitatjeunes.fr\/index.php\/wp-json\/wp\/v2\/media?parent=11"}],"curies":[{"name":"wp","href":"https:\/\/api.w.org\/{rel}","templated":true}]}}